{"id":110,"date":"2017-04-15T15:39:39","date_gmt":"2017-04-15T13:39:39","guid":{"rendered":"https:\/\/www.amej.info\/?page_id=110"},"modified":"2025-05-06T11:10:02","modified_gmt":"2025-05-06T09:10:02","slug":"actus","status":"publish","type":"page","link":"https:\/\/www.amej.info\/index.php\/actus\/","title":{"rendered":"France Services"},"content":{"rendered":"\n<p><\/p>\n\n\n\n<p><\/p>\n\n\n\n<p class=\"has-text-align-center\" style=\"font-size:40px\"><strong>Espace France services<\/strong><\/p>\n\n\n\n<p><\/p>\n\n\n\n<p><\/p>\n\n\n<div class=\"wp-block-image\">\n<figure class=\"aligncenter size-full is-resized\"><img fetchpriority=\"high\" decoding=\"async\" width=\"977\" height=\"719\" src=\"https:\/\/www.amej.info\/wp-content\/uploads\/2024\/08\/fs.png\" alt=\"\" class=\"wp-image-5556\" style=\"width:206px;height:auto\" srcset=\"https:\/\/www.amej.info\/wp-content\/uploads\/2024\/08\/fs.png 977w, https:\/\/www.amej.info\/wp-content\/uploads\/2024\/08\/fs-300x221.png 300w, https:\/\/www.amej.info\/wp-content\/uploads\/2024\/08\/fs-768x565.png 768w, https:\/\/www.amej.info\/wp-content\/uploads\/2024\/08\/fs-200x147.png 200w, https:\/\/www.amej.info\/wp-content\/uploads\/2024\/08\/fs-600x442.png 600w, https:\/\/www.amej.info\/wp-content\/uploads\/2024\/08\/fs-900x662.png 900w, https:\/\/www.amej.info\/wp-content\/uploads\/2024\/08\/fs-800x589.png 800w, https:\/\/www.amej.info\/wp-content\/uploads\/2024\/08\/fs-400x294.png 400w\" sizes=\"(max-width: 977px) 100vw, 977px\" \/><\/figure>\n<\/div>\n\n\n<p><\/p>\n\n\n\n<p><\/p>\n\n\n\n<p class=\"has-text-align-center has-vivid-red-color has-text-color has-link-color wp-elements-9d89fd0f1af8ea2eb649db32d6b41216\" style=\"font-size:23px\"><strong> Espace France Services \u00e0 l&rsquo;AMEJ : Ce nouveau service vous permet de b\u00e9n\u00e9ficier d&rsquo;un accompagnement dans vos d\u00e9marches administratives en lien avec les services de l&rsquo;\u00e9tat et en toute confidentialit\u00e9 ! <\/strong><\/p>\n\n\n\n<p><\/p>\n\n\n\n<p><\/p>\n\n\n\n<p><\/p>\n\n\n\n<p class=\"has-text-align-center has-text-color has-link-color wp-elements-ff29806fd2f82fc955913cc6b71e9d91\" style=\"color:#0071b2;font-size:30px;text-decoration:none;text-transform:uppercase\"><strong>Nos services<\/strong><\/p>\n\n\n\n<p><\/p>\n\n\n\n<p class=\"has-text-align-center\" style=\"font-size:22px\">Les agents France services vous apportent un <strong><mark style=\"background-color:rgba(0, 0, 0, 0);color:#61c2ff\" class=\"has-inline-color\">accompagnement personnalis\u00e9<\/mark><\/strong> pour vos d\u00e9marches administratives, r\u00e9pondent \u00e0 vos questions, vous apportent des informations de premier niveau et savent vous <mark style=\"background-color:rgba(0, 0, 0, 0);color:#61c2ff\" class=\"has-inline-color\"><strong>orienter<\/strong> <\/mark>vers un service comp\u00e9tent ou vous <strong><mark style=\"background-color:rgba(0, 0, 0, 0);color:#61c2ff\" class=\"has-inline-color\">mettre en relation<\/mark><\/strong> avec nos partenaires si votre demande d\u00e9passe leurs comp\u00e9tences.<\/p>\n\n\n\n<p class=\"has-text-align-center\" style=\"font-size:22px\">Nos locaux disposent de mat\u00e9riel num\u00e9rique qui est mis \u00e0 votre disposition dans un espace de travail d\u00e9di\u00e9 : des <mark style=\"background-color:rgba(0, 0, 0, 0)\" class=\"has-inline-color has-luminous-vivid-orange-color\"><strong>ordinateurs, des tablettes avec un acc\u00e8s \u00e0 internet, une imprimante et un t\u00e9l\u00e9phone.<\/strong> <\/mark><\/p>\n\n\n\n<p style=\"font-size:22px\">Dans notre espace France services vous pouvez : <\/p>\n\n\n\n<ul class=\"wp-block-list\">\n<li style=\"font-size:20px\">Faire vos d\u00e9marches en autonomie gr\u00e2ce au mat\u00e9riel mis \u00e0 disposition.<\/li>\n\n\n\n<li style=\"font-size:20px\">\u00catre accompagn\u00e9 par un conseiller France Services, avec ou sans rendez-vous, aux horaires pr\u00e9vus.<\/li>\n<\/ul>\n\n\n\n<div style=\"height:50px\" aria-hidden=\"true\" class=\"wp-block-spacer\"><\/div>\n\n\n\n<p class=\"has-text-align-center has-text-color has-link-color wp-elements-e0d61d063bcf3f4cd235aa017845f5b2\" style=\"color:#ff0000;font-size:23px;text-transform:uppercase\"><strong>Attention : pi\u00e8ce d&rsquo;identit\u00e9 obligatoire pour utiliser le service <\/strong><\/p>\n\n\n\n<div style=\"height:30px\" aria-hidden=\"true\" class=\"wp-block-spacer\"><\/div>\n\n\n\n<p class=\"has-text-align-center has-black-color has-text-color has-link-color wp-elements-14aa3571a0d35b9ca41c33c8b24175f8\" style=\"font-size:20px\"><strong>Afin de faciliter les d\u00e9marches sur Franceconnect nous utiliserons votre num\u00e9ro de s\u00e9curit\u00e9 sociale<\/strong> <strong>ou votre num\u00e9ro fiscal<\/strong><\/p>\n\n\n\n<p class=\"has-text-align-center has-black-color has-text-color has-link-color wp-elements-d10811a04fd807e543b8d5e0647100a7\" style=\"font-size:20px\"><strong>Si vous poss\u00e9dez d\u00e9j\u00e0 des identifiants et mots de passes pour les sites de nos partenaires, pensez \u00e0 les apporter ! <\/strong><\/p>\n\n\n\n<div style=\"height:50px\" aria-hidden=\"true\" class=\"wp-block-spacer\"><\/div>\n\n\n\n<p style=\"font-size:22px\"><strong>Pour plus d&rsquo;informations, consultez <a href=\"https:\/\/www.amej.info\/wp-content\/uploads\/2025\/01\/Plaquette-France-services.pdf\">notre d\u00e9pliant<\/a> <\/strong><\/p>\n\n\n\n<p class=\"has-text-align-center has-text-color has-link-color wp-elements-93cc54694a9232edab5dc8057c8954a5\" style=\"color:#0071b2;font-size:30px;text-decoration:none;text-transform:uppercase\"><\/p>\n\n\n<div class=\"wp-block-image\">\n<figure class=\"aligncenter size-large\"><img decoding=\"async\" width=\"724\" height=\"1024\" src=\"https:\/\/www.amej.info\/wp-content\/uploads\/2025\/01\/France-services-A4-724x1024.png\" alt=\"\" class=\"wp-image-5916\" srcset=\"https:\/\/www.amej.info\/wp-content\/uploads\/2025\/01\/France-services-A4-724x1024.png 724w, https:\/\/www.amej.info\/wp-content\/uploads\/2025\/01\/France-services-A4-212x300.png 212w, https:\/\/www.amej.info\/wp-content\/uploads\/2025\/01\/France-services-A4-768x1086.png 768w, https:\/\/www.amej.info\/wp-content\/uploads\/2025\/01\/France-services-A4-1086x1536.png 1086w, https:\/\/www.amej.info\/wp-content\/uploads\/2025\/01\/France-services-A4-200x283.png 200w, https:\/\/www.amej.info\/wp-content\/uploads\/2025\/01\/France-services-A4-600x849.png 600w, https:\/\/www.amej.info\/wp-content\/uploads\/2025\/01\/France-services-A4-900x1273.png 900w, https:\/\/www.amej.info\/wp-content\/uploads\/2025\/01\/France-services-A4-1200x1697.png 1200w, https:\/\/www.amej.info\/wp-content\/uploads\/2025\/01\/France-services-A4-1024x1448.png 1024w, https:\/\/www.amej.info\/wp-content\/uploads\/2025\/01\/France-services-A4-800x1132.png 800w, https:\/\/www.amej.info\/wp-content\/uploads\/2025\/01\/France-services-A4-400x566.png 400w, https:\/\/www.amej.info\/wp-content\/uploads\/2025\/01\/France-services-A4-300x424.png 300w, https:\/\/www.amej.info\/wp-content\/uploads\/2025\/01\/France-services-A4.png 1414w\" sizes=\"(max-width: 724px) 100vw, 724px\" \/><\/figure>\n<\/div>\n\n\n<p class=\"has-text-align-center has-text-color has-link-color wp-elements-3fbf35c74f6eb8d994b83f261ed6817c\" style=\"color:#0071b2;font-size:30px;text-decoration:none;text-transform:uppercase\"><\/p>\n\n\n\n<p class=\"has-text-align-center has-vivid-red-color has-text-color has-link-color wp-elements-fbf0153c3b0d299d04c70c2456be7a86\" style=\"font-size:25px\"><strong>Contactez-nous par email \u00e0 : <\/strong><\/p>\n\n\n\n<p class=\"has-text-align-center has-vivid-red-color has-text-color has-link-color wp-elements-aa33e2e22df3e1967a036c6aaba6c102\" style=\"font-size:25px\"><strong>amejravoire@gmail.com ou par t\u00e9l\u00e9phone au : 06 19 65 21 96 pour prendre rendez-vous<\/strong>.<\/p>\n\n\n\n<p class=\"has-text-align-center has-vivid-red-color has-text-color has-link-color wp-elements-0c8d237c6b56dbbe884455c9337d1848\" style=\"font-size:25px\"><strong>Adresse : 3 All\u00e9e des comtes de Savoie, 73000, Barberaz.<\/strong><\/p>\n\n\n\n<div style=\"height:100px\" aria-hidden=\"true\" class=\"wp-block-spacer\"><\/div>\n","protected":false},"excerpt":{"rendered":"<p>Espace France services Espace France Services \u00e0 l&rsquo;AMEJ : Ce [&hellip;]<\/p>\n","protected":false},"author":9,"featured_media":0,"parent":0,"menu_order":6,"comment_status":"closed","ping_status":"closed","template":"","meta":{"_amej_meta_icon":"dashicons dashicons-visibility","_amej_meta_icon_color":"blue","_amej_meta_image":0,"footnotes":""},"class_list":["post-110","page","type-page","status-publish","hentry"],"_links":{"self":[{"href":"https:\/\/www.amej.info\/index.php\/wp-json\/wp\/v2\/pages\/110","targetHints":{"allow":["GET"]}}],"collection":[{"href":"https:\/\/www.amej.info\/index.php\/wp-json\/wp\/v2\/pages"}],"about":[{"href":"https:\/\/www.amej.info\/index.php\/wp-json\/wp\/v2\/types\/page"}],"author":[{"embeddable":true,"href":"https:\/\/www.amej.info\/index.php\/wp-json\/wp\/v2\/users\/9"}],"replies":[{"embeddable":true,"href":"https:\/\/www.amej.info\/index.php\/wp-json\/wp\/v2\/comments?post=110"}],"version-history":[{"count":33,"href":"https:\/\/www.amej.info\/index.php\/wp-json\/wp\/v2\/pages\/110\/revisions"}],"predecessor-version":[{"id":6460,"href":"https:\/\/www.amej.info\/index.php\/wp-json\/wp\/v2\/pages\/110\/revisions\/6460"}],"wp:attachment":[{"href":"https:\/\/www.amej.info\/index.php\/wp-json\/wp\/v2\/media?parent=110"}],"curies":[{"name":"wp","href":"https:\/\/api.w.org\/{rel}","templated":true}]}}