{"id":701,"date":"2018-02-07T21:56:01","date_gmt":"2018-02-07T20:56:01","guid":{"rendered":"https:\/\/www.amej.info\/?page_id=701"},"modified":"2018-02-07T21:56:01","modified_gmt":"2018-02-07T20:56:01","slug":"projets-pedagogique-et-educatif","status":"publish","type":"page","link":"https:\/\/www.amej.info\/index.php\/lassociation\/projets-pedagogique-et-educatif\/","title":{"rendered":"Projet Social 2023\/2026"},"content":{"rendered":"\n<div class=\"wp-block-group\"><div class=\"wp-block-group__inner-container is-layout-flow wp-block-group-is-layout-flow\">\t\t<div id=\"98e0458c-824d-4646-83bf-6a0164c79eca\" class=\"wb-front wb-block wp-block-woodblocks-header color-blue\">\n\t\t\t<div class=\"content\">\n\t\t\t\t<header>\n\t\t\t\t\t<div class=\"contact-us\">\n\t\t\t\t\t\t\t\t\t\t\t\t<div class=\"email\">\n\t\t\t\t\t\t\t<div class=\"label typo-title\">Contactez-nous<\/div>\n\t\t\t\t\t\t\t<a class=\"icon\" href=\"https:\/\/www.amej.info\/index.php\/lassociation\/contact\/\"><i class=\"fa fa-envelope\"><\/i><\/a>\n\t\t\t\t\t\t<\/div>\n\t\t\t\t\t\t\t\t\t\t\t\t<div class=\"social\">\n\t\t\t\t\t\t\t<div class=\"label typo-title\">Rejoingnez-nous<\/div>\n\t\t\t\t\t\t\t\t\t\t\t\t\t\t\t<a class=\"icon\" href=\"https:\/\/www.facebook.com\/amej.la.ravoire\" target=\"_blank\"><i class=\"fa fa-facebook-square\"><\/i><\/a>\n\t\t\t\t\t\t\t\t\t\t\t\t\t\t\t\t\t\t\t\t<\/div>\n\t\t\t\t\t\t\t\t\t\t\t\t<div style=\"clear: both;\"><\/div>\n\t\t\t\t\t<\/div>\n\t\t\t\t\t<div class=\"post-thumb\">\n\t\t\t\t\t\t\t\t\t\t\t\t\t<div class=\"post-thumb-content post-icon\">\n\t\t\t\t\t\t\t\t<i class=\"dashicons dashicons-admin-home\"><\/i>\n\t\t\t\t\t\t\t<\/div>\n\t\t\t\t\t\t\t\t\t\t\t\t<\/div>\n\t\t\t\t\t\t\t\t\t\t\t<h1 class=\"title\">\n\t\t\t\t\t\t\tC&rsquo;est quoi un centre social et socioculturel ?\t\t\t\t\t\t<\/h1>\n\t\t\t\t\t\t\t\t\t\t<\/header>\n\t\t\t\t<div class=\"text\">\n\t\t\t\t\t\t\t\t\t<\/div>\n\t\t\t<\/div>\n\t\t<\/div>\n\t\t<\/div><\/div>\n\n\n\n<p>Quelles sont les orientations, les actions, d&rsquo;un centre socioculturel ? <\/p>\n\n\n\n<p>Comment fonctionne un centre social ? Est-ce que je peux y participer ?<\/p>\n\n\n\n<div style=\"height:17px\" aria-hidden=\"true\" class=\"wp-block-spacer\"><\/div>\n\n\n\n<p class=\"has-luminous-vivid-amber-color has-text-color\">TROUVEZ LES R\u00c9PONSES A VOS QUESTIONS CI-DESSOUS :<\/p>\n\n\n\n<div style=\"height:29px\" aria-hidden=\"true\" class=\"wp-block-spacer\"><\/div>\n\n\n\n<p>Le projet social expose les grandes orientations et les grands choix fais par les habitants qui si\u00e8gent au Conseil d&rsquo;Administration (ouvert \u00e0 tous les adh\u00e9rents sur demande et validation en Assembl\u00e9e G\u00e9n\u00e9rale). C&rsquo;est un outil de r\u00e9ponses aux besoins des habitants, en compl\u00e9mentarit\u00e9 avec les services qui existent d\u00e9j\u00e0 sur le territoire.<\/p>\n\n\n\n<p class=\"has-luminous-vivid-orange-color has-text-color\">Il est<strong> LE <\/strong>lieu de r\u00e9alisation de <strong>VOS<\/strong> projets. Nous sommes l\u00e0 pour les faire \u00e9merger et pour vous accompagner dans leur r\u00e9alisation&#8230; <strong>Alors venez nous rejoindre pour CONTRIBUER \u00c0 UNE SOCI\u00c9T\u00c9 QUI VOUS RESSEMBLE !<\/strong><\/p>\n\n\n\n<div style=\"height:42px\" aria-hidden=\"true\" class=\"wp-block-spacer\"><\/div>\n\n\n\n<div style=\"height:40px\" aria-hidden=\"true\" class=\"wp-block-spacer\"><\/div>\n\n\n\n<p class=\"has-medium-font-size\"><a rel=\"noreferrer noopener\" href=\"https:\/\/www.amej.info\/wp-content\/uploads\/2023\/04\/Projet-Social-2023-2026.docx-PDF.pdf\" target=\"_blank\"><strong>PROJET SOCIAL AMEJ 2023\/2026<\/strong><\/a><\/p>\n\n\n\n<p class=\"has-luminous-vivid-orange-color has-text-color has-medium-font-size\"><strong><a href=\"https:\/\/www.amej.info\/wp-content\/uploads\/2023\/04\/FICHES-ACTION-finalisees-1.pdf\" target=\"_blank\" rel=\"noreferrer noopener\">Fiches actions du projet social 2023\/2026<\/a><\/strong><\/p>\n\n\n\n<div style=\"height:60px\" aria-hidden=\"true\" class=\"wp-block-spacer\"><\/div>\n","protected":false},"excerpt":{"rendered":"<p>Quelles sont les orientations, les actions, d&rsquo;un centre socioculturel ? [&hellip;]<\/p>\n","protected":false},"author":9,"featured_media":0,"parent":98,"menu_order":0,"comment_status":"closed","ping_status":"closed","template":"","meta":{"_amej_meta_icon":"dashicons dashicons-admin-home","_amej_meta_icon_color":"blue","_amej_meta_image":0,"footnotes":""},"class_list":["post-701","page","type-page","status-publish","hentry"],"_links":{"self":[{"href":"https:\/\/www.amej.info\/index.php\/wp-json\/wp\/v2\/pages\/701","targetHints":{"allow":["GET"]}}],"collection":[{"href":"https:\/\/www.amej.info\/index.php\/wp-json\/wp\/v2\/pages"}],"about":[{"href":"https:\/\/www.amej.info\/index.php\/wp-json\/wp\/v2\/types\/page"}],"author":[{"embeddable":true,"href":"https:\/\/www.amej.info\/index.php\/wp-json\/wp\/v2\/users\/9"}],"replies":[{"embeddable":true,"href":"https:\/\/www.amej.info\/index.php\/wp-json\/wp\/v2\/comments?post=701"}],"version-history":[{"count":0,"href":"https:\/\/www.amej.info\/index.php\/wp-json\/wp\/v2\/pages\/701\/revisions"}],"up":[{"embeddable":true,"href":"https:\/\/www.amej.info\/index.php\/wp-json\/wp\/v2\/pages\/98"}],"wp:attachment":[{"href":"https:\/\/www.amej.info\/index.php\/wp-json\/wp\/v2\/media?parent=701"}],"curies":[{"name":"wp","href":"https:\/\/api.w.org\/{rel}","templated":true}]}}