{"id":705,"date":"2018-02-07T22:07:45","date_gmt":"2018-02-07T21:07:45","guid":{"rendered":"https:\/\/www.amej.info\/?page_id=705"},"modified":"2025-07-18T18:17:50","modified_gmt":"2025-07-18T16:17:50","slug":"modalites-d-inscription","status":"publish","type":"page","link":"https:\/\/www.amej.info\/index.php\/accueil\/modalites-d-inscription\/","title":{"rendered":"Modalit\u00e9s d&rsquo;inscription"},"content":{"rendered":"\n<div style=\"height:38px\" aria-hidden=\"true\" class=\"wp-block-spacer\"><\/div>\n\n\n\t\t<div id=\"33d0ef8e-8afc-4e8e-83c5-8a775ea4d4cf\" class=\"wb-front wb-block wp-block-woodblocks-header color-blue\">\n\t\t\t<div class=\"content\">\n\t\t\t\t<header>\n\t\t\t\t\t<div class=\"contact-us\">\n\t\t\t\t\t\t\t\t\t\t\t\t<div class=\"email\">\n\t\t\t\t\t\t\t<div class=\"label typo-title\">Contactez-nous<\/div>\n\t\t\t\t\t\t\t<a class=\"icon\" href=\"https:\/\/www.amej.info\/index.php\/lassociation\/contact\/\"><i class=\"fa fa-envelope\"><\/i><\/a>\n\t\t\t\t\t\t<\/div>\n\t\t\t\t\t\t\t\t\t\t\t\t<div class=\"social\">\n\t\t\t\t\t\t\t<div class=\"label typo-title\">Rejoingnez-nous<\/div>\n\t\t\t\t\t\t\t\t\t\t\t\t\t\t\t<a class=\"icon\" href=\"https:\/\/www.facebook.com\/amej.la.ravoire\" target=\"_blank\"><i class=\"fa fa-facebook-square\"><\/i><\/a>\n\t\t\t\t\t\t\t\t\t\t\t\t\t\t\t\t\t\t\t\t<\/div>\n\t\t\t\t\t\t\t\t\t\t\t\t<div style=\"clear: both;\"><\/div>\n\t\t\t\t\t<\/div>\n\t\t\t\t\t<div class=\"post-thumb\">\n\t\t\t\t\t\t\t\t\t\t\t\t\t<div class=\"post-thumb-content post-icon\">\n\t\t\t\t\t\t\t\t<i class=\"dashicons dashicons-edit\"><\/i>\n\t\t\t\t\t\t\t<\/div>\n\t\t\t\t\t\t\t\t\t\t\t\t<\/div>\n\t\t\t\t\t\t\t\t\t\t\t<h1 class=\"title\">\n\t\t\t\t\t\t\tMODALITES D&rsquo;INSCRIPTION\t\t\t\t\t\t<\/h1>\n\t\t\t\t\t\t\t\t\t\t<\/header>\n\t\t\t\t<div class=\"text\">\n\t\t\t\t\t\t\t\t\t<\/div>\n\t\t\t<\/div>\n\t\t<\/div>\n\t\t\n\n\n<h1 class=\"wp-block-heading has-luminous-vivid-amber-color has-text-color has-medium-font-size\">INFORMATIONS N\u00c9CESSAIRES \u00c0 VOTRE INSCRIPTION <\/h1>\n\n\n\n<p>L&rsquo;ADHESION<\/p>\n\n\n\n<p class=\"has-vivid-cyan-blue-color has-text-color\">L\u2019adh\u00e9sion annuelle (de septembre \u00e0 septembre) \u00e0 l\u2019AMEJ est de <strong>10 \u20ac<\/strong> pour l\u2019ensemble des membres d\u2019une famille vivant sous le m\u00eame toit. <\/p>\n\n\n\n<p class=\"has-vivid-cyan-blue-color has-text-color\">Elle n&rsquo;est <strong>plus obligatoire<\/strong> pour l&rsquo;inscription \u00e0 l&rsquo;accueil de loisirs. Elle reste malgr\u00e9 tout <strong>obligatoire<\/strong> pour acc\u00e9der \u00e0 toutes les autres activit\u00e9s (stages, camps, accompagnement scolaire, ateliers sociaux linguistique, sorties familles, ateliers 4 mains, paniers de l\u00e9gumes\u2026)<\/p>\n\n\n\n<p class=\"has-vivid-cyan-blue-color has-text-color\">Ainsi, l\u2019adh\u00e9sion vaut pour toute la famille, y compris pour les parents qui souhaitent participer aux projets collectifs, aux ateliers adultes ou encore aux sorties familiales, par exemple.<\/p>\n\n\n\n<p>L&rsquo;INSCRIPTION<\/p>\n\n\n\n<p class=\"has-black-color has-text-color\">La fiche d\u2019inscription annuelle est num\u00e9rique. <\/p>\n\n\n\n<p class=\"has-black-color has-text-color\">Les autorisations parentales sont \u00e0 <strong>renouveler chaque ann\u00e9e scolaire <\/strong>!<br>Si vous avez d\u00e9j\u00e0 \u00e9t\u00e9 adh\u00e9rent \u00e0 l&rsquo;AMEJ en 2024-2025, vous pouvez mettre \u00e0 jour votre dossier sur votre espace famille d\u00e8s le 15 juillet 2025 afin de pouvoir inscrire vos enfants pour les mercredis de la rent\u00e9e de  septembre 2025 d\u00e8s le 18 juillet \u00e0 partir de 19h.<\/p>\n\n\n\n<p><strong>Documents obligatoires \u00e0 transmettre sur votre espace famille :<\/strong><\/p>\n\n\n\n<ul class=\"wp-block-list\">\n<li>Votre attestation de quotient familial CAF (t\u00e9l\u00e9charg\u00e9e sur votre portable, inutile de l&rsquo;imprimer) ou votre dernier avis d&rsquo;imposition.<\/li>\n\n\n\n<li>Un justificatif de domicile de moins de 3 mois (factures assurance, eau, \u00e9lectricit\u00e9, etc.)<\/li>\n\n\n\n<li>La photo des pages de vaccination du carnet de sant\u00e9 de vos enfants<\/li>\n\n\n\n<li>Un RIB pour mettre en place les pr\u00e9l\u00e8vements automatiques <strong>si vous le souhaitez.<\/strong><\/li>\n<\/ul>\n\n\n\n<p class=\"has-black-color has-text-color\">Si vous n&rsquo;avez jamais \u00e9t\u00e9 adh\u00e9rent \u00e0 l&rsquo;AMEJ, <strong>venez lors de nos heures de permanences physiques<\/strong>, avec les pi\u00e8ces mentionn\u00e9es ci-dessus.<\/p>\n\n\n\n<p class=\"has-black-color has-text-color\">Les horaires se trouvent sur la page d&rsquo;accueil du site et ici : <a href=\"https:\/\/www.amej.info\/wp-content\/uploads\/2025\/02\/planning-fctmt-25.pdf\" data-type=\"attachment\" data-id=\"6022\" target=\"_blank\" rel=\"noreferrer noopener\">Horaires AMEJ<\/a><\/p>\n\n\n\n<p><a href=\"https:\/\/www.amej.info\/wp-content\/uploads\/2025\/07\/Tarifs-accueil-de-loisirs-1-1.pdf\">LES TARIFS APPLICABLES le premier septembre 202<\/a>5.<\/p>\n\n\n\n<p class=\"has-black-color has-text-color\">Ensuite, il vous appartient de nous transmettre vos changements de situations (s\u00e9paration, changement de quotient familial CAF, dossier m\u00e9dical \u00e0 compl\u00e9ter\u2026).<\/p>\n\n\n\n<p class=\"has-luminous-vivid-orange-color has-text-color\">Ceux-ci s\u2019appliqueront au jour de r\u00e9ception de l\u2019information.<\/p>\n\n\n\n<div class=\"wp-block-columns is-layout-flex wp-container-core-columns-is-layout-9d6595d7 wp-block-columns-is-layout-flex\">\n<div class=\"wp-block-column is-layout-flow wp-block-column-is-layout-flow\">\n<p class=\"has-luminous-vivid-amber-color has-text-color has-medium-font-size\"><strong>ACCUEILS<\/strong><\/p>\n\n\n\n<ul class=\"wp-block-list\">\n<li>T\u00c9L\u00c9PHONIQUE : du lundi au vendredi de 14 h \u00e0 18 h 30 sauf le lundi 14h \u00e0 17h au <strong>04 57 36 04 18<\/strong><\/li>\n<\/ul>\n\n\n\n<ul class=\"wp-block-list\">\n<li>ACCUEIL E-M@IL : <strong><a href=\"mailto:amejravoire@gmail.com\">amejravoire@gmail.com<\/a><\/strong> (pour les mails, nous nous engageons \u00e0 r\u00e9pondre sous 2 jours ouvr\u00e9s, si ce n&rsquo;est pas le cas, n&rsquo;h\u00e9sitez pas \u00e0 nous recontacter par t\u00e9l\u00e9phone).<\/li>\n<\/ul>\n\n\n\n<div style=\"height:46px\" aria-hidden=\"true\" class=\"wp-block-spacer\"><\/div>\n\n\n\n<p class=\"has-text-align-center has-luminous-vivid-orange-color has-white-background-color has-text-color has-background\" style=\"font-size:18px\"><strong>Modalit\u00e9s d\u2019annulations des mercredis scolaires<\/strong><\/p>\n\n\n\n<ul class=\"wp-block-list\">\n<li><strong>Le d\u00e9lai d&rsquo;annulation est de 30 jours :<\/strong> <strong>Les annulations qui ont lieu dans les 30 jours calendaires avant la date concern\u00e9e par l&rsquo;annulation vous sera factur\u00e9e \u00e0 100 %<\/strong> (sauf certificat m\u00e9dical fourni sous 48 h). <strong>EXEMPLE<\/strong>: si nous sommes le mercredi 4 janvier et que vous annulez le mercredi 1er f\u00e9vrier, vous serez factur\u00e9 \u00e0 100 %. En revanche, si vous nous pr\u00e9venez au moins 30 jours avant, il n&rsquo;y aura pas de facturation.<\/li>\n\n\n\n<li><strong>Si vous annulez le jour pour le jour, le repas vous sera factur\u00e9 car d\u00e9j\u00e0 command\u00e9.<\/strong> Les repas doivent \u00eatre annul\u00e9s la veille au plus tard \u00e0 17h, sinon ils sont command\u00e9s et donc factur\u00e9s.<\/li>\n\n\n\n<li><strong>D\u00e8s 3 mercredis annul\u00e9s cons\u00e9cutivement hors d\u00e9lai d&rsquo;annulation (donc dans les 30 jours), toutes vos inscriptions seront annul\u00e9es. Dans ce cas, vous serez pr\u00e9venu et vous nous recontacterez selon vos besoins. <\/strong><\/li>\n<\/ul>\n\n\n\n<p>LE DETAILS EN IMAGE pour en savoir plus, cliquez <a href=\"https:\/\/www.amej.info\/wp-content\/uploads\/2022\/10\/rentree-22-23-der-corr-3.jpg\" target=\"_blank\" rel=\"noreferrer noopener\">ICI<\/a> <\/p>\n\n\n\n<div style=\"height:48px\" aria-hidden=\"true\" class=\"wp-block-spacer\"><\/div>\n\n\n\n<p class=\"has-text-align-center has-luminous-vivid-orange-color has-text-color\" style=\"font-size:18px\"><strong>Pour les inscriptions sur les vacances scolaires <\/strong><\/p>\n\n\n\n<p>Vous pouvez faire des inscriptions ou modifications la veille pour le lendemain, directement par t\u00e9l\u00e9phone sur les diff\u00e9rents centres (num\u00e9ros sur les programmes) mais <strong>toujours avant 18 h.<\/strong><\/p>\n\n\n\n<p>Pour une inscription ou modification pour le lundi : le vendredi pr\u00e9c\u00e9dent, avant 18 h.<\/p>\n\n\n\n<p>Nous vous conseillons d&rsquo;anticiper vos r\u00e9servations, elles sont ouvertes 3 semaines voir 1 mois (pour l&rsquo;\u00e9t\u00e9) avant chaque p\u00e9riode de vacances SUR VOTRE ESPACE FAMILLE.<\/p>\n\n\n\n<div style=\"height:30px\" aria-hidden=\"true\" class=\"wp-block-spacer\"><\/div>\n\n\n\n<p class=\"has-text-align-center\" style=\"font-size:25px\"><strong><a href=\"https:\/\/espacefamille.aiga.fr\/index.html?dossier=11698760#connexion&amp;091056\" data-type=\"link\" data-id=\"https:\/\/espacefamille.aiga.fr\/index.html?dossier=11698760#connexion&amp;091056\">Lien ESPACE FAMILLE ICI<\/a><\/strong><\/p>\n\n\n\n<p class=\"has-white-color has-white-background-color has-text-color has-background\"><\/p>\n<\/div>\n<\/div>\n\n\n\n<div style=\"height:60px\" aria-hidden=\"true\" class=\"wp-block-spacer\"><\/div>\n","protected":false},"excerpt":{"rendered":"<p>INFORMATIONS N\u00c9CESSAIRES \u00c0 VOTRE INSCRIPTION L&rsquo;ADHESION L\u2019adh\u00e9sion annuelle (de septembre [&hellip;]<\/p>\n","protected":false},"author":9,"featured_media":0,"parent":74,"menu_order":1,"comment_status":"closed","ping_status":"closed","template":"","meta":{"_amej_meta_icon":"dashicons dashicons-edit","_amej_meta_icon_color":"blue","_amej_meta_image":0,"footnotes":""},"class_list":["post-705","page","type-page","status-publish","hentry"],"_links":{"self":[{"href":"https:\/\/www.amej.info\/index.php\/wp-json\/wp\/v2\/pages\/705","targetHints":{"allow":["GET"]}}],"collection":[{"href":"https:\/\/www.amej.info\/index.php\/wp-json\/wp\/v2\/pages"}],"about":[{"href":"https:\/\/www.amej.info\/index.php\/wp-json\/wp\/v2\/types\/page"}],"author":[{"embeddable":true,"href":"https:\/\/www.amej.info\/index.php\/wp-json\/wp\/v2\/users\/9"}],"replies":[{"embeddable":true,"href":"https:\/\/www.amej.info\/index.php\/wp-json\/wp\/v2\/comments?post=705"}],"version-history":[{"count":31,"href":"https:\/\/www.amej.info\/index.php\/wp-json\/wp\/v2\/pages\/705\/revisions"}],"predecessor-version":[{"id":6672,"href":"https:\/\/www.amej.info\/index.php\/wp-json\/wp\/v2\/pages\/705\/revisions\/6672"}],"up":[{"embeddable":true,"href":"https:\/\/www.amej.info\/index.php\/wp-json\/wp\/v2\/pages\/74"}],"wp:attachment":[{"href":"https:\/\/www.amej.info\/index.php\/wp-json\/wp\/v2\/media?parent=705"}],"curies":[{"name":"wp","href":"https:\/\/api.w.org\/{rel}","templated":true}]}}