{"id":74,"date":"2017-04-15T10:50:59","date_gmt":"2017-04-15T08:50:59","guid":{"rendered":"https:\/\/www.amej.info\/?page_id=74"},"modified":"2025-10-09T14:59:07","modified_gmt":"2025-10-09T12:59:07","slug":"accueil","status":"publish","type":"page","link":"https:\/\/www.amej.info\/","title":{"rendered":"Accueil"},"content":{"rendered":"\n<div class=\"wp-block-group\"><div class=\"wp-block-group__inner-container is-layout-constrained wp-block-group-is-layout-constrained\">\n<div class=\"wp-block-columns is-layout-flex wp-container-core-columns-is-layout-9d6595d7 wp-block-columns-is-layout-flex\">\n<div class=\"wp-block-column is-layout-flow wp-block-column-is-layout-flow\" style=\"flex-basis:100%\">\n<div class=\"wp-block-group triple-bg\"><div class=\"wp-block-group__inner-container is-layout-constrained wp-block-group-is-layout-constrained\">\n<div class=\"wp-block-columns is-layout-flex wp-container-core-columns-is-layout-9d6595d7 wp-block-columns-is-layout-flex\">\n<div class=\"wp-block-column is-layout-flow wp-block-column-is-layout-flow\">\n<p class=\"has-text-align-center has-medium-font-size\"><\/p>\n<\/div>\n\n\n\n<div class=\"wp-block-column is-layout-flow wp-block-column-is-layout-flow\">\n<p class=\"has-text-align-center has-medium-font-size\"><strong>SUIVEZ-NOUS<\/strong><\/p>\n<\/div>\n<\/div>\n\n\n\n<div class=\"wp-block-columns is-layout-flex wp-container-core-columns-is-layout-9d6595d7 wp-block-columns-is-layout-flex\">\n<div class=\"wp-block-column is-layout-flow wp-block-column-is-layout-flow\"><\/div>\n\n\n\n<div class=\"wp-block-column is-layout-flow wp-block-column-is-layout-flow\"><div class=\"wp-block-image\">\n<figure class=\"aligncenter size-full is-resized\"><a href=\"https:\/\/www.facebook.com\/amej.la.ravoire\/\"><img decoding=\"async\" width=\"159\" height=\"152\" src=\"https:\/\/www.amej.info\/wp-content\/uploads\/2025\/04\/Icone-Facebook-AMEJ.png\" alt=\"\" class=\"wp-image-6296\" style=\"width:75px;height:auto\"\/><\/a><\/figure>\n<\/div><\/div>\n<\/div>\n\n\n\n\n\n\n<div style=\"height:42px\" aria-hidden=\"true\" class=\"wp-block-spacer\"><\/div>\n\n\n\n<p class=\"has-text-align-center\" style=\"font-size:25px\"><strong>AMEJ, 3 all\u00e9e des Comtes de Savoie<\/strong><\/p>\n\n\n\n<p class=\"has-text-align-center\" style=\"font-size:25px\"><strong>73000 BARBERAZ<\/strong><\/p>\n\n\n\n<p class=\"has-text-align-center\" style=\"font-size:25px\"><strong>T\u00e9l\u00e9phone du si\u00e8ge \u00e0 Barberaz : 04 57 36 04 18<\/strong><\/p>\n\n\n\n<p class=\"has-text-align-center\" style=\"font-size:25px\"><strong>@ : amejravoire@gmail.com<\/strong><\/p>\n\n\n\n<div style=\"height:59px\" aria-hidden=\"true\" class=\"wp-block-spacer\"><\/div>\n\n\n\n<div class=\"wp-block-group is-vertical is-content-justification-center is-layout-flex wp-container-core-group-is-layout-4b2eccd6 wp-block-group-is-layout-flex\">\n<p class=\"has-text-align-center\" style=\"font-size:25px\"><strong><a href=\"https:\/\/www.amej.info\/wp-content\/uploads\/2025\/07\/planning-ouverture-juillet-2025.pdf\" data-type=\"page\" data-id=\"4539\">NOS HORAIRES D&rsquo;ACCUEIL<\/a><\/strong><\/p>\n\n\n\n<p class=\"has-small-font-size\">(Fonctionnement, renseignements, inscriptions, paiements&#8230;)<\/p>\n\n\n\n<div style=\"height:30px\" aria-hidden=\"true\" class=\"wp-block-spacer wp-container-content-cf2db169\"><\/div>\n\n\n\n<p class=\"has-text-align-center\" style=\"font-size:25px\"><strong>Permanences au si\u00e8ge<\/strong> : lundi de 9h30 \u00e0 11h30<\/p>\n\n\n\n<p class=\"has-text-align-center\" style=\"font-size:25px\">mardi, mercredi, et vendredi de 17h00 \u00e0 18h30<\/p>\n\n\n\n<div style=\"height:68px\" aria-hidden=\"true\" class=\"wp-block-spacer wp-container-content-fe34031a\"><\/div>\n<\/div>\n<\/div><\/div>\n\n\n\n<p><\/p>\n<\/div>\n<\/div>\n<\/div><\/div>\n","protected":false},"excerpt":{"rendered":"<p>SUIVEZ-NOUS AMEJ, 3 all\u00e9e des Comtes de Savoie 73000 BARBERAZ [&hellip;]<\/p>\n","protected":false},"author":9,"featured_media":0,"parent":0,"menu_order":0,"comment_status":"closed","ping_status":"closed","template":"","meta":{"_amej_meta_icon":"","_amej_meta_icon_color":"","_amej_meta_image":3612,"footnotes":""},"class_list":["post-74","page","type-page","status-publish","hentry"],"_links":{"self":[{"href":"https:\/\/www.amej.info\/index.php\/wp-json\/wp\/v2\/pages\/74","targetHints":{"allow":["GET"]}}],"collection":[{"href":"https:\/\/www.amej.info\/index.php\/wp-json\/wp\/v2\/pages"}],"about":[{"href":"https:\/\/www.amej.info\/index.php\/wp-json\/wp\/v2\/types\/page"}],"author":[{"embeddable":true,"href":"https:\/\/www.amej.info\/index.php\/wp-json\/wp\/v2\/users\/9"}],"replies":[{"embeddable":true,"href":"https:\/\/www.amej.info\/index.php\/wp-json\/wp\/v2\/comments?post=74"}],"version-history":[{"count":101,"href":"https:\/\/www.amej.info\/index.php\/wp-json\/wp\/v2\/pages\/74\/revisions"}],"predecessor-version":[{"id":6639,"href":"https:\/\/www.amej.info\/index.php\/wp-json\/wp\/v2\/pages\/74\/revisions\/6639"}],"wp:attachment":[{"href":"https:\/\/www.amej.info\/index.php\/wp-json\/wp\/v2\/media?parent=74"}],"curies":[{"name":"wp","href":"https:\/\/api.w.org\/{rel}","templated":true}]}}